{"id":563,"date":"2024-10-01T10:38:48","date_gmt":"2024-10-01T10:38:48","guid":{"rendered":"https:\/\/new-is.internetstars.pl\/?page_id=563"},"modified":"2025-02-04T23:22:53","modified_gmt":"2025-02-04T23:22:53","slug":"kariera","status":"publish","type":"page","link":"https:\/\/new-is.internetstars.pl\/en\/career\/","title":{"rendered":"Career"},"content":{"rendered":"<div data-elementor-type=\"wp-page\" data-elementor-id=\"563\" class=\"elementor elementor-563\" data-elementor-post-type=\"page\">\n\t\t\t\t<div class=\"elementor-element elementor-element-df7501b e-flex e-con-boxed e-con e-parent\" data-id=\"df7501b\" data-element_type=\"container\">\n\t\t\t\t\t<div class=\"e-con-inner\">\n\t\t<div class=\"elementor-element elementor-element-271c5eb e-con-full e-flex e-con e-child\" data-id=\"271c5eb\" data-element_type=\"container\">\n\t\t\t\t<div class=\"elementor-element elementor-element-4275538 elementor-widget elementor-widget-heading\" data-id=\"4275538\" data-element_type=\"widget\" data-widget_type=\"heading.default\">\n\t\t\t\t<div class=\"elementor-widget-container\">\n\t\t\t<h2 class=\"elementor-heading-title elementor-size-default\">Career<\/h2>\t\t<\/div>\n\t\t\t\t<\/div>\n\t\t\t\t<\/div>\n\t\t\t\t\t<\/div>\n\t\t\t\t<\/div>\n\t\t<div class=\"elementor-element elementor-element-0568c40 e-flex e-con-boxed e-con e-parent\" data-id=\"0568c40\" data-element_type=\"container\">\n\t\t\t\t\t<div class=\"e-con-inner\">\n\t\t<div class=\"elementor-element elementor-element-03c2902 e-con-full e-flex e-con e-child\" data-id=\"03c2902\" data-element_type=\"container\">\n\t\t\t\t<div class=\"elementor-element elementor-element-c06f288 elementor-widget elementor-widget-heading\" data-id=\"c06f288\" data-element_type=\"widget\" data-widget_type=\"heading.default\">\n\t\t\t\t<div class=\"elementor-widget-container\">\n\t\t\t<h2 class=\"elementor-heading-title elementor-size-default\">Apply today for Internet Stars!<\/h2>\t\t<\/div>\n\t\t\t\t<\/div>\n\t\t\t\t<div class=\"elementor-element elementor-element-8db8a1d elementor-widget__width-initial elementor-widget-mobile__width-inherit elementor-widget elementor-widget-text-editor\" data-id=\"8db8a1d\" data-element_type=\"widget\" data-widget_type=\"text-editor.default\">\n\t\t\t\t<div class=\"elementor-widget-container\">\n\t\t\t\t\t\t\t<p>Join us and have fun creating some of the most exciting digital projects in the world!<\/p>\t\t\t\t\t\t<\/div>\n\t\t\t\t<\/div>\n\t\t\t\t<div class=\"elementor-element elementor-element-c537224 button-homepage elementor-widget elementor-widget-button\" data-id=\"c537224\" data-element_type=\"widget\" data-widget_type=\"button.default\">\n\t\t\t\t<div class=\"elementor-widget-container\">\n\t\t\t\t\t<div class=\"elementor-button-wrapper\">\n\t\t\t<a class=\"elementor-button elementor-button-link elementor-size-sm\" href=\"\/en\/contact\/\">\n\t\t\t\t\t\t<span class=\"elementor-button-content-wrapper\">\n\t\t\t\t\t\t\t\t\t<span class=\"elementor-button-text\">job@internetstars.pl<\/span>\n\t\t\t\t\t<\/span>\n\t\t\t\t\t<\/a>\n\t\t<\/div>\n\t\t\t\t<\/div>\n\t\t\t\t<\/div>\n\t\t\t\t<\/div>\n\t\t\t\t\t<\/div>\n\t\t\t\t<\/div>\n\t\t<div class=\"elementor-element elementor-element-b606288 e-flex e-con-boxed e-con e-parent\" data-id=\"b606288\" data-element_type=\"container\">\n\t\t\t\t\t<div class=\"e-con-inner\">\n\t\t\t\t<div class=\"elementor-element elementor-element-3db6bca elementor-grid-mobile-1 elementor-grid-3 elementor-grid-tablet-2 elementor-widget elementor-widget-loop-grid\" data-id=\"3db6bca\" data-element_type=\"widget\" data-settings=\"{&quot;template_id&quot;:&quot;571&quot;,&quot;row_gap&quot;:{&quot;unit&quot;:&quot;px&quot;,&quot;size&quot;:40,&quot;sizes&quot;:[]},&quot;columns_mobile&quot;:1,&quot;_skin&quot;:&quot;post&quot;,&quot;columns&quot;:&quot;3&quot;,&quot;columns_tablet&quot;:&quot;2&quot;,&quot;edit_handle_selector&quot;:&quot;[data-elementor-type=\\&quot;loop-item\\&quot;]&quot;,&quot;row_gap_tablet&quot;:{&quot;unit&quot;:&quot;px&quot;,&quot;size&quot;:&quot;&quot;,&quot;sizes&quot;:[]},&quot;row_gap_mobile&quot;:{&quot;unit&quot;:&quot;px&quot;,&quot;size&quot;:&quot;&quot;,&quot;sizes&quot;:[]}}\" data-widget_type=\"loop-grid.post\">\n\t\t\t\t<div class=\"elementor-widget-container\">\n\t\t\t\t\t<div class=\"elementor-loop-container elementor-grid\">\n\t\t<style id=\"loop-571\">.elementor-571 .elementor-element.elementor-element-fbc6b1f{--display:flex;--flex-direction:column;--container-widget-width:calc( ( 1 - var( --container-widget-flex-grow ) ) * 100% );--container-widget-height:initial;--container-widget-flex-grow:0;--container-widget-align-self:initial;--flex-wrap-mobile:wrap;--justify-content:space-between;--align-items:flex-start;--background-transition:0.3s;border-style:none;--border-style:none;--margin-top:0px;--margin-bottom:0px;--margin-left:0px;--margin-right:0px;--padding-top:30px;--padding-bottom:30px;--padding-left:30px;--padding-right:30px;}.elementor-571 .elementor-element.elementor-element-fbc6b1f, .elementor-571 .elementor-element.elementor-element-fbc6b1f::before{--border-transition:0.3s;}.elementor-571 .elementor-element.elementor-element-c1f845f{--display:flex;--background-transition:0.3s;--margin-top:0px;--margin-bottom:0px;--margin-left:0px;--margin-right:0px;--padding-top:0px;--padding-bottom:0px;--padding-left:0px;--padding-right:0px;}.elementor-571 .elementor-element.elementor-element-6ba64e9{text-align:left;}.elementor-571 .elementor-element.elementor-element-6ba64e9 .elementor-heading-title{font-family:\"Inter\", Sans-serif;font-size:24px;font-weight:600;line-height:28px;}.elementor-571 .elementor-element.elementor-element-cda2118{text-align:left;color:#000000;font-family:\"Inter\", Sans-serif;font-size:16px;font-weight:400;}.elementor-571 .elementor-element.elementor-element-723eb37 .elementor-button{font-family:\"Inter\", Sans-serif;font-size:18px;font-weight:600;line-height:22px;background-color:#000000C7;border-radius:60px 60px 60px 60px;padding:10px 20px 10px 20px;}.elementor-571 .elementor-element.elementor-element-723eb37.elementor-element{--align-self:flex-start;}@media(max-width:767px){.elementor-571 .elementor-element.elementor-element-fbc6b1f{--min-height:250px;}.elementor-571 .elementor-element.elementor-element-723eb37 .elementor-button{font-size:20px;padding:10px 20px 10px 20px;}}<\/style>\t\t<div data-elementor-type=\"loop-item\" data-elementor-id=\"571\" class=\"elementor elementor-571 e-loop-item e-loop-item-1615 post-1615 oferta-pracy type-oferta-pracy status-publish hentry\" data-elementor-post-type=\"elementor_library\" data-custom-edit-handle=\"1\">\n\t\t\t<div class=\"elementor-element elementor-element-fbc6b1f e-con-full oferta-box e-flex e-con e-parent\" data-id=\"fbc6b1f\" data-element_type=\"container\">\n\t\t<div class=\"elementor-element elementor-element-c1f845f e-flex e-con-boxed e-con e-child\" data-id=\"c1f845f\" data-element_type=\"container\">\n\t\t\t\t\t<div class=\"e-con-inner\">\n\t\t\t\t<div class=\"elementor-element elementor-element-6ba64e9 elementor-widget elementor-widget-theme-post-title elementor-page-title elementor-widget-heading\" data-id=\"6ba64e9\" data-element_type=\"widget\" data-widget_type=\"theme-post-title.default\">\n\t\t\t\t<div class=\"elementor-widget-container\">\n\t\t\t<h1 class=\"elementor-heading-title elementor-size-default\">Social Media Manager<\/h1>\t\t<\/div>\n\t\t\t\t<\/div>\n\t\t\t\t<div class=\"elementor-element elementor-element-cda2118 elementor-widget elementor-widget-theme-post-content\" data-id=\"cda2118\" data-element_type=\"widget\" data-widget_type=\"theme-post-content.default\">\n\t\t\t\t<div class=\"elementor-widget-container\">\n\t\t\t<p>You write a lot, but also accurately. You love playing with words and graphics. Especially if it creates \"buzz\".<\/p>\n\t\t<\/div>\n\t\t\t\t<\/div>\n\t\t\t\t\t<\/div>\n\t\t\t\t<\/div>\n\t\t\t\t<div class=\"elementor-element elementor-element-723eb37 button-oferta-pracy elementor-widget elementor-widget-button\" data-id=\"723eb37\" data-element_type=\"widget\" data-widget_type=\"button.default\">\n\t\t\t\t<div class=\"elementor-widget-container\">\n\t\t\t\t\t<div class=\"elementor-button-wrapper\">\n\t\t\t<a class=\"elementor-button elementor-button-link elementor-size-sm\" href=\"#elementor-action:action=popup:open&settings=eyJpZCI6IjMxODMiLCJ0b2dnbGUiOmZhbHNlfQ==\">\n\t\t\t\t\t\t<span class=\"elementor-button-content-wrapper\">\n\t\t\t\t\t\t\t\t\t<span class=\"elementor-button-text\">I apply<\/span>\n\t\t\t\t\t<\/span>\n\t\t\t\t\t<\/a>\n\t\t<\/div>\n\t\t\t\t<\/div>\n\t\t\t\t<\/div>\n\t\t\t\t<\/div>\n\t\t\t\t<\/div>\n\t\t\t\t<div data-elementor-type=\"loop-item\" data-elementor-id=\"571\" class=\"elementor elementor-571 e-loop-item e-loop-item-1614 post-1614 oferta-pracy type-oferta-pracy status-publish hentry\" data-elementor-post-type=\"elementor_library\" data-custom-edit-handle=\"1\">\n\t\t\t<div class=\"elementor-element elementor-element-fbc6b1f e-con-full oferta-box e-flex e-con e-parent\" data-id=\"fbc6b1f\" data-element_type=\"container\">\n\t\t<div class=\"elementor-element elementor-element-c1f845f e-flex e-con-boxed e-con e-child\" data-id=\"c1f845f\" data-element_type=\"container\">\n\t\t\t\t\t<div class=\"e-con-inner\">\n\t\t\t\t<div class=\"elementor-element elementor-element-6ba64e9 elementor-widget elementor-widget-theme-post-title elementor-page-title elementor-widget-heading\" data-id=\"6ba64e9\" data-element_type=\"widget\" data-widget_type=\"theme-post-title.default\">\n\t\t\t\t<div class=\"elementor-widget-container\">\n\t\t\t<h1 class=\"elementor-heading-title elementor-size-default\">Mid Flutter Developer<\/h1>\t\t<\/div>\n\t\t\t\t<\/div>\n\t\t\t\t<div class=\"elementor-element elementor-element-cda2118 elementor-widget elementor-widget-theme-post-content\" data-id=\"cda2118\" data-element_type=\"widget\" data-widget_type=\"theme-post-content.default\">\n\t\t\t\t<div class=\"elementor-widget-container\">\n\t\t\t<p>You love Flutter technology and want to develop your skills, because Flutter is a mobile powerhouse.<\/p>\n\t\t<\/div>\n\t\t\t\t<\/div>\n\t\t\t\t\t<\/div>\n\t\t\t\t<\/div>\n\t\t\t\t<div class=\"elementor-element elementor-element-723eb37 button-oferta-pracy elementor-widget elementor-widget-button\" data-id=\"723eb37\" data-element_type=\"widget\" data-widget_type=\"button.default\">\n\t\t\t\t<div class=\"elementor-widget-container\">\n\t\t\t\t\t<div class=\"elementor-button-wrapper\">\n\t\t\t<a class=\"elementor-button elementor-button-link elementor-size-sm\" href=\"#elementor-action:action=popup:open&settings=eyJpZCI6IjMxODMiLCJ0b2dnbGUiOmZhbHNlfQ==\">\n\t\t\t\t\t\t<span class=\"elementor-button-content-wrapper\">\n\t\t\t\t\t\t\t\t\t<span class=\"elementor-button-text\">I apply<\/span>\n\t\t\t\t\t<\/span>\n\t\t\t\t\t<\/a>\n\t\t<\/div>\n\t\t\t\t<\/div>\n\t\t\t\t<\/div>\n\t\t\t\t<\/div>\n\t\t\t\t<\/div>\n\t\t\t\t<div data-elementor-type=\"loop-item\" data-elementor-id=\"571\" class=\"elementor elementor-571 e-loop-item e-loop-item-1613 post-1613 oferta-pracy type-oferta-pracy status-publish hentry\" data-elementor-post-type=\"elementor_library\" data-custom-edit-handle=\"1\">\n\t\t\t<div class=\"elementor-element elementor-element-fbc6b1f e-con-full oferta-box e-flex e-con e-parent\" data-id=\"fbc6b1f\" data-element_type=\"container\">\n\t\t<div class=\"elementor-element elementor-element-c1f845f e-flex e-con-boxed e-con e-child\" data-id=\"c1f845f\" data-element_type=\"container\">\n\t\t\t\t\t<div class=\"e-con-inner\">\n\t\t\t\t<div class=\"elementor-element elementor-element-6ba64e9 elementor-widget elementor-widget-theme-post-title elementor-page-title elementor-widget-heading\" data-id=\"6ba64e9\" data-element_type=\"widget\" data-widget_type=\"theme-post-title.default\">\n\t\t\t\t<div class=\"elementor-widget-container\">\n\t\t\t<h1 class=\"elementor-heading-title elementor-size-default\">UI Designer\/ UX Designer<\/h1>\t\t<\/div>\n\t\t\t\t<\/div>\n\t\t\t\t<div class=\"elementor-element elementor-element-cda2118 elementor-widget elementor-widget-theme-post-content\" data-id=\"cda2118\" data-element_type=\"widget\" data-widget_type=\"theme-post-content.default\">\n\t\t\t\t<div class=\"elementor-widget-container\">\n\t\t\t<p>Graphic design is your passion and you will always find a good solution for a useful interface.<\/p>\n\t\t<\/div>\n\t\t\t\t<\/div>\n\t\t\t\t\t<\/div>\n\t\t\t\t<\/div>\n\t\t\t\t<div class=\"elementor-element elementor-element-723eb37 button-oferta-pracy elementor-widget elementor-widget-button\" data-id=\"723eb37\" data-element_type=\"widget\" data-widget_type=\"button.default\">\n\t\t\t\t<div class=\"elementor-widget-container\">\n\t\t\t\t\t<div class=\"elementor-button-wrapper\">\n\t\t\t<a class=\"elementor-button elementor-button-link elementor-size-sm\" href=\"#elementor-action:action=popup:open&settings=eyJpZCI6IjMxODMiLCJ0b2dnbGUiOmZhbHNlfQ==\">\n\t\t\t\t\t\t<span class=\"elementor-button-content-wrapper\">\n\t\t\t\t\t\t\t\t\t<span class=\"elementor-button-text\">I apply<\/span>\n\t\t\t\t\t<\/span>\n\t\t\t\t\t<\/a>\n\t\t<\/div>\n\t\t\t\t<\/div>\n\t\t\t\t<\/div>\n\t\t\t\t<\/div>\n\t\t\t\t<\/div>\n\t\t\t\t<div data-elementor-type=\"loop-item\" data-elementor-id=\"571\" class=\"elementor elementor-571 e-loop-item e-loop-item-1612 post-1612 oferta-pracy type-oferta-pracy status-publish hentry\" data-elementor-post-type=\"elementor_library\" data-custom-edit-handle=\"1\">\n\t\t\t<div class=\"elementor-element elementor-element-fbc6b1f e-con-full oferta-box e-flex e-con e-parent\" data-id=\"fbc6b1f\" data-element_type=\"container\">\n\t\t<div class=\"elementor-element elementor-element-c1f845f e-flex e-con-boxed e-con e-child\" data-id=\"c1f845f\" data-element_type=\"container\">\n\t\t\t\t\t<div class=\"e-con-inner\">\n\t\t\t\t<div class=\"elementor-element elementor-element-6ba64e9 elementor-widget elementor-widget-theme-post-title elementor-page-title elementor-widget-heading\" data-id=\"6ba64e9\" data-element_type=\"widget\" data-widget_type=\"theme-post-title.default\">\n\t\t\t\t<div class=\"elementor-widget-container\">\n\t\t\t<h1 class=\"elementor-heading-title elementor-size-default\">Senior Java Developer<\/h1>\t\t<\/div>\n\t\t\t\t<\/div>\n\t\t\t\t<div class=\"elementor-element elementor-element-cda2118 elementor-widget elementor-widget-theme-post-content\" data-id=\"cda2118\" data-element_type=\"widget\" data-widget_type=\"theme-post-content.default\">\n\t\t\t\t<div class=\"elementor-widget-container\">\n\t\t\t<p>You know Java is a powerhouse because you've written more than one code in it. You want to be a Java magician in a tight-knit IT team.<\/p>\n\t\t<\/div>\n\t\t\t\t<\/div>\n\t\t\t\t\t<\/div>\n\t\t\t\t<\/div>\n\t\t\t\t<div class=\"elementor-element elementor-element-723eb37 button-oferta-pracy elementor-widget elementor-widget-button\" data-id=\"723eb37\" data-element_type=\"widget\" data-widget_type=\"button.default\">\n\t\t\t\t<div class=\"elementor-widget-container\">\n\t\t\t\t\t<div class=\"elementor-button-wrapper\">\n\t\t\t<a class=\"elementor-button elementor-button-link elementor-size-sm\" href=\"#elementor-action:action=popup:open&settings=eyJpZCI6IjMxODMiLCJ0b2dnbGUiOmZhbHNlfQ==\">\n\t\t\t\t\t\t<span class=\"elementor-button-content-wrapper\">\n\t\t\t\t\t\t\t\t\t<span class=\"elementor-button-text\">I apply<\/span>\n\t\t\t\t\t<\/span>\n\t\t\t\t\t<\/a>\n\t\t<\/div>\n\t\t\t\t<\/div>\n\t\t\t\t<\/div>\n\t\t\t\t<\/div>\n\t\t\t\t<\/div>\n\t\t\t\t<div data-elementor-type=\"loop-item\" data-elementor-id=\"571\" class=\"elementor elementor-571 e-loop-item e-loop-item-1611 post-1611 oferta-pracy type-oferta-pracy status-publish hentry\" data-elementor-post-type=\"elementor_library\" data-custom-edit-handle=\"1\">\n\t\t\t<div class=\"elementor-element elementor-element-fbc6b1f e-con-full oferta-box e-flex e-con e-parent\" data-id=\"fbc6b1f\" data-element_type=\"container\">\n\t\t<div class=\"elementor-element elementor-element-c1f845f e-flex e-con-boxed e-con e-child\" data-id=\"c1f845f\" data-element_type=\"container\">\n\t\t\t\t\t<div class=\"e-con-inner\">\n\t\t\t\t<div class=\"elementor-element elementor-element-6ba64e9 elementor-widget elementor-widget-theme-post-title elementor-page-title elementor-widget-heading\" data-id=\"6ba64e9\" data-element_type=\"widget\" data-widget_type=\"theme-post-title.default\">\n\t\t\t\t<div class=\"elementor-widget-container\">\n\t\t\t<h1 class=\"elementor-heading-title elementor-size-default\">Technology Customer Advisor<\/h1>\t\t<\/div>\n\t\t\t\t<\/div>\n\t\t\t\t<div class=\"elementor-element elementor-element-cda2118 elementor-widget elementor-widget-theme-post-content\" data-id=\"cda2118\" data-element_type=\"widget\" data-widget_type=\"theme-post-content.default\">\n\t\t\t\t<div class=\"elementor-widget-container\">\n\t\t\t<p>You are comfortable with digital marketing and know the basics of IT. You can always find at least 3 arguments for using proven business solutions.<\/p>\n\t\t<\/div>\n\t\t\t\t<\/div>\n\t\t\t\t\t<\/div>\n\t\t\t\t<\/div>\n\t\t\t\t<div class=\"elementor-element elementor-element-723eb37 button-oferta-pracy elementor-widget elementor-widget-button\" data-id=\"723eb37\" data-element_type=\"widget\" data-widget_type=\"button.default\">\n\t\t\t\t<div class=\"elementor-widget-container\">\n\t\t\t\t\t<div class=\"elementor-button-wrapper\">\n\t\t\t<a class=\"elementor-button elementor-button-link elementor-size-sm\" href=\"#elementor-action:action=popup:open&settings=eyJpZCI6IjMxODMiLCJ0b2dnbGUiOmZhbHNlfQ==\">\n\t\t\t\t\t\t<span class=\"elementor-button-content-wrapper\">\n\t\t\t\t\t\t\t\t\t<span class=\"elementor-button-text\">I apply<\/span>\n\t\t\t\t\t<\/span>\n\t\t\t\t\t<\/a>\n\t\t<\/div>\n\t\t\t\t<\/div>\n\t\t\t\t<\/div>\n\t\t\t\t<\/div>\n\t\t\t\t<\/div>\n\t\t\t\t<div data-elementor-type=\"loop-item\" data-elementor-id=\"571\" class=\"elementor elementor-571 e-loop-item e-loop-item-559 post-559 oferta-pracy type-oferta-pracy status-publish hentry\" data-elementor-post-type=\"elementor_library\" data-custom-edit-handle=\"1\">\n\t\t\t<div class=\"elementor-element elementor-element-fbc6b1f e-con-full oferta-box e-flex e-con e-parent\" data-id=\"fbc6b1f\" data-element_type=\"container\">\n\t\t<div class=\"elementor-element elementor-element-c1f845f e-flex e-con-boxed e-con e-child\" data-id=\"c1f845f\" data-element_type=\"container\">\n\t\t\t\t\t<div class=\"e-con-inner\">\n\t\t\t\t<div class=\"elementor-element elementor-element-6ba64e9 elementor-widget elementor-widget-theme-post-title elementor-page-title elementor-widget-heading\" data-id=\"6ba64e9\" data-element_type=\"widget\" data-widget_type=\"theme-post-title.default\">\n\t\t\t\t<div class=\"elementor-widget-container\">\n\t\t\t<h1 class=\"elementor-heading-title elementor-size-default\">Project Manager<\/h1>\t\t<\/div>\n\t\t\t\t<\/div>\n\t\t\t\t<div class=\"elementor-element elementor-element-cda2118 elementor-widget elementor-widget-theme-post-content\" data-id=\"cda2118\" data-element_type=\"widget\" data-widget_type=\"theme-post-content.default\">\n\t\t\t\t<div class=\"elementor-widget-container\">\n\t\t\t\r\n<p>You are able to accurately describe the application specification to the team in 3h. And on top of that, you have an irresistible snootiness for creating big projects.<\/p>\r\n\t\t<\/div>\n\t\t\t\t<\/div>\n\t\t\t\t\t<\/div>\n\t\t\t\t<\/div>\n\t\t\t\t<div class=\"elementor-element elementor-element-723eb37 button-oferta-pracy elementor-widget elementor-widget-button\" data-id=\"723eb37\" data-element_type=\"widget\" data-widget_type=\"button.default\">\n\t\t\t\t<div class=\"elementor-widget-container\">\n\t\t\t\t\t<div class=\"elementor-button-wrapper\">\n\t\t\t<a class=\"elementor-button elementor-button-link elementor-size-sm\" href=\"#elementor-action:action=popup:open&settings=eyJpZCI6IjMxODMiLCJ0b2dnbGUiOmZhbHNlfQ==\">\n\t\t\t\t\t\t<span class=\"elementor-button-content-wrapper\">\n\t\t\t\t\t\t\t\t\t<span class=\"elementor-button-text\">I apply<\/span>\n\t\t\t\t\t<\/span>\n\t\t\t\t\t<\/a>\n\t\t<\/div>\n\t\t\t\t<\/div>\n\t\t\t\t<\/div>\n\t\t\t\t<\/div>\n\t\t\t\t<\/div>\n\t\t\t\t<\/div>\n\t\t\n\t\t\t\t<\/div>\n\t\t\t\t<\/div>\n\t\t\t\t\t<\/div>\n\t\t\t\t<\/div>\n\t\t\t\t<\/div>","protected":false},"excerpt":{"rendered":"<p>Apply today to join Internet Stars! Join us and have fun creating some of the most exciting digital projects in the world! job@internetstars.pl<\/p>","protected":false},"author":1,"featured_media":0,"parent":0,"menu_order":0,"comment_status":"closed","ping_status":"closed","template":"","meta":{"_acf_changed":false,"footnotes":""},"class_list":["post-563","page","type-page","status-publish","hentry"],"acf":[],"yoast_head":"<!-- This site is optimized with the Yoast SEO plugin v23.8 - https:\/\/yoast.com\/wordpress\/plugins\/seo\/ -->\n<title>Kariera | Internet Stars<\/title>\n<meta name=\"robots\" content=\"noindex, follow, max-snippet:-1, max-image-preview:large, max-video-preview:-1\" \/>\n<meta property=\"og:locale\" content=\"en_US\" \/>\n<meta property=\"og:type\" content=\"article\" \/>\n<meta property=\"og:title\" content=\"Kariera | Internet Stars\" \/>\n<meta property=\"og:description\" content=\"Aplikuj ju\u017c dzi\u015b do Internet Stars! Do\u0142\u0105cz do nas i baw si\u0119 dobrze, tworz\u0105c jedne z najciekawszych projekt\u00f3w cyfrowych na \u015bwiecie! job@internetstars.pl\" \/>\n<meta property=\"og:url\" content=\"https:\/\/new-is.internetstars.pl\/en\/career\/\" \/>\n<meta property=\"og:site_name\" content=\"Internet Stars\" \/>\n<meta property=\"article:modified_time\" content=\"2025-02-04T23:22:53+00:00\" \/>\n<meta name=\"twitter:card\" content=\"summary_large_image\" \/>\n<meta name=\"twitter:label1\" content=\"Est. reading time\" \/>\n\t<meta name=\"twitter:data1\" content=\"2 minutes\" \/>\n<script type=\"application\/ld+json\" class=\"yoast-schema-graph\">{\"@context\":\"https:\/\/schema.org\",\"@graph\":[{\"@type\":\"WebPage\",\"@id\":\"https:\/\/new-is.internetstars.pl\/kariera\/\",\"url\":\"https:\/\/new-is.internetstars.pl\/kariera\/\",\"name\":\"Kariera | Internet Stars\",\"isPartOf\":{\"@id\":\"https:\/\/new-is.internetstars.pl\/#website\"},\"datePublished\":\"2024-10-01T10:38:48+00:00\",\"dateModified\":\"2025-02-04T23:22:53+00:00\",\"breadcrumb\":{\"@id\":\"https:\/\/new-is.internetstars.pl\/kariera\/#breadcrumb\"},\"inLanguage\":\"en-US\",\"potentialAction\":[{\"@type\":\"ReadAction\",\"target\":[\"https:\/\/new-is.internetstars.pl\/kariera\/\"]}]},{\"@type\":\"BreadcrumbList\",\"@id\":\"https:\/\/new-is.internetstars.pl\/kariera\/#breadcrumb\",\"itemListElement\":[{\"@type\":\"ListItem\",\"position\":1,\"name\":\"Strona g\u0142\u00f3wna\",\"item\":\"https:\/\/new-is.internetstars.pl\/\"},{\"@type\":\"ListItem\",\"position\":2,\"name\":\"Kariera\"}]},{\"@type\":\"WebSite\",\"@id\":\"https:\/\/new-is.internetstars.pl\/#website\",\"url\":\"https:\/\/new-is.internetstars.pl\/\",\"name\":\"Internet Stars\",\"description\":\"\",\"alternateName\":\"IS\",\"potentialAction\":[{\"@type\":\"SearchAction\",\"target\":{\"@type\":\"EntryPoint\",\"urlTemplate\":\"https:\/\/new-is.internetstars.pl\/?s={search_term_string}\"},\"query-input\":{\"@type\":\"PropertyValueSpecification\",\"valueRequired\":true,\"valueName\":\"search_term_string\"}}],\"inLanguage\":\"en-US\"}]}<\/script>\n<!-- \/ Yoast SEO plugin. -->","yoast_head_json":{"title":"Kariera | Internet Stars","robots":{"index":"noindex","follow":"follow","max-snippet":"max-snippet:-1","max-image-preview":"max-image-preview:large","max-video-preview":"max-video-preview:-1"},"og_locale":"en_US","og_type":"article","og_title":"Kariera | Internet Stars","og_description":"Aplikuj ju\u017c dzi\u015b do Internet Stars! Do\u0142\u0105cz do nas i baw si\u0119 dobrze, tworz\u0105c jedne z najciekawszych projekt\u00f3w cyfrowych na \u015bwiecie! job@internetstars.pl","og_url":"https:\/\/new-is.internetstars.pl\/en\/career\/","og_site_name":"Internet Stars","article_modified_time":"2025-02-04T23:22:53+00:00","twitter_card":"summary_large_image","twitter_misc":{"Est. reading time":"2 minutes"},"schema":{"@context":"https:\/\/schema.org","@graph":[{"@type":"WebPage","@id":"https:\/\/new-is.internetstars.pl\/kariera\/","url":"https:\/\/new-is.internetstars.pl\/kariera\/","name":"Kariera | Internet Stars","isPartOf":{"@id":"https:\/\/new-is.internetstars.pl\/#website"},"datePublished":"2024-10-01T10:38:48+00:00","dateModified":"2025-02-04T23:22:53+00:00","breadcrumb":{"@id":"https:\/\/new-is.internetstars.pl\/kariera\/#breadcrumb"},"inLanguage":"en-US","potentialAction":[{"@type":"ReadAction","target":["https:\/\/new-is.internetstars.pl\/kariera\/"]}]},{"@type":"BreadcrumbList","@id":"https:\/\/new-is.internetstars.pl\/kariera\/#breadcrumb","itemListElement":[{"@type":"ListItem","position":1,"name":"Strona g\u0142\u00f3wna","item":"https:\/\/new-is.internetstars.pl\/"},{"@type":"ListItem","position":2,"name":"Kariera"}]},{"@type":"WebSite","@id":"https:\/\/new-is.internetstars.pl\/#website","url":"https:\/\/new-is.internetstars.pl\/","name":"Internet Stars","description":"","alternateName":"IS","potentialAction":[{"@type":"SearchAction","target":{"@type":"EntryPoint","urlTemplate":"https:\/\/new-is.internetstars.pl\/?s={search_term_string}"},"query-input":{"@type":"PropertyValueSpecification","valueRequired":true,"valueName":"search_term_string"}}],"inLanguage":"en-US"}]}},"_links":{"self":[{"href":"https:\/\/new-is.internetstars.pl\/en\/wp-json\/wp\/v2\/pages\/563","targetHints":{"allow":["GET"]}}],"collection":[{"href":"https:\/\/new-is.internetstars.pl\/en\/wp-json\/wp\/v2\/pages"}],"about":[{"href":"https:\/\/new-is.internetstars.pl\/en\/wp-json\/wp\/v2\/types\/page"}],"author":[{"embeddable":true,"href":"https:\/\/new-is.internetstars.pl\/en\/wp-json\/wp\/v2\/users\/1"}],"replies":[{"embeddable":true,"href":"https:\/\/new-is.internetstars.pl\/en\/wp-json\/wp\/v2\/comments?post=563"}],"version-history":[{"count":127,"href":"https:\/\/new-is.internetstars.pl\/en\/wp-json\/wp\/v2\/pages\/563\/revisions"}],"predecessor-version":[{"id":3674,"href":"https:\/\/new-is.internetstars.pl\/en\/wp-json\/wp\/v2\/pages\/563\/revisions\/3674"}],"wp:attachment":[{"href":"https:\/\/new-is.internetstars.pl\/en\/wp-json\/wp\/v2\/media?parent=563"}],"curies":[{"name":"wp","href":"https:\/\/api.w.org\/{rel}","templated":true}]}}