{"id":551,"date":"2024-10-01T10:30:43","date_gmt":"2024-10-01T10:30:43","guid":{"rendered":"https:\/\/new-is.internetstars.pl\/?page_id=551"},"modified":"2025-02-04T23:22:30","modified_gmt":"2025-02-04T23:22:30","slug":"historia","status":"publish","type":"page","link":"https:\/\/new-is.internetstars.pl\/en\/history\/","title":{"rendered":"History"},"content":{"rendered":"<div data-elementor-type=\"wp-page\" data-elementor-id=\"551\" class=\"elementor elementor-551\" data-elementor-post-type=\"page\">\n\t\t\t\t<div class=\"elementor-element elementor-element-df7501b e-flex e-con-boxed e-con e-parent\" data-id=\"df7501b\" data-element_type=\"container\">\n\t\t\t\t\t<div class=\"e-con-inner\">\n\t\t<div class=\"elementor-element elementor-element-271c5eb e-con-full e-flex e-con e-child\" data-id=\"271c5eb\" data-element_type=\"container\">\n\t\t\t\t<div class=\"elementor-element elementor-element-4275538 elementor-widget elementor-widget-heading\" data-id=\"4275538\" data-element_type=\"widget\" data-widget_type=\"heading.default\">\n\t\t\t\t<div class=\"elementor-widget-container\">\n\t\t\t<h2 class=\"elementor-heading-title elementor-size-default\">History<\/h2>\t\t<\/div>\n\t\t\t\t<\/div>\n\t\t\t\t<\/div>\n\t\t\t\t\t<\/div>\n\t\t\t\t<\/div>\n\t\t<div class=\"elementor-element elementor-element-0568c40 e-flex e-con-boxed e-con e-parent\" data-id=\"0568c40\" data-element_type=\"container\">\n\t\t\t\t\t<div class=\"e-con-inner\">\n\t\t\t\t<div class=\"elementor-element elementor-element-c06f288 elementor-widget elementor-widget-heading\" data-id=\"c06f288\" data-element_type=\"widget\" data-widget_type=\"heading.default\">\n\t\t\t\t<div class=\"elementor-widget-container\">\n\t\t\t<h2 class=\"elementor-heading-title elementor-size-default\">Our story in several acts<\/h2>\t\t<\/div>\n\t\t\t\t<\/div>\n\t\t\t\t\t<\/div>\n\t\t\t\t<\/div>\n\t\t<div class=\"elementor-element elementor-element-0743848 elementor-hidden-tablet elementor-hidden-mobile e-flex e-con-boxed e-con e-parent\" data-id=\"0743848\" data-element_type=\"container\">\n\t\t\t\t\t<div class=\"e-con-inner\">\n\t\t<div class=\"elementor-element elementor-element-476f359 e-con-full e-flex e-con e-child\" data-id=\"476f359\" data-element_type=\"container\">\n\t\t\t\t<div class=\"elementor-element elementor-element-2152d11 elementor-widget elementor-widget-heading\" data-id=\"2152d11\" data-element_type=\"widget\" data-widget_type=\"heading.default\">\n\t\t\t\t<div class=\"elementor-widget-container\">\n\t\t\t<h2 class=\"elementor-heading-title elementor-size-default\">2008<\/h2>\t\t<\/div>\n\t\t\t\t<\/div>\n\t\t\t\t<div class=\"elementor-element elementor-element-27f24c1 elementor-widget-divider--view-line elementor-widget elementor-widget-divider\" data-id=\"27f24c1\" data-element_type=\"widget\" data-widget_type=\"divider.default\">\n\t\t\t\t<div class=\"elementor-widget-container\">\n\t\t\t\t\t<div class=\"elementor-divider\">\n\t\t\t<span class=\"elementor-divider-separator\">\n\t\t\t\t\t\t<\/span>\n\t\t<\/div>\n\t\t\t\t<\/div>\n\t\t\t\t<\/div>\n\t\t\t\t<div class=\"elementor-element elementor-element-c38dbe0 elementor-widget elementor-widget-text-editor\" data-id=\"c38dbe0\" data-element_type=\"widget\" data-widget_type=\"text-editor.default\">\n\t\t\t\t<div class=\"elementor-widget-container\">\n\t\t\t\t\t\t\tCompany opening in Warsaw\t\t\t\t\t\t<\/div>\n\t\t\t\t<\/div>\n\t\t\t\t<\/div>\n\t\t<div class=\"elementor-element elementor-element-3ae6d21 e-con-full e-flex e-con e-child\" data-id=\"3ae6d21\" data-element_type=\"container\">\n\t\t\t\t<div class=\"elementor-element elementor-element-9e99246 elementor-widget elementor-widget-heading\" data-id=\"9e99246\" data-element_type=\"widget\" data-widget_type=\"heading.default\">\n\t\t\t\t<div class=\"elementor-widget-container\">\n\t\t\t<h2 class=\"elementor-heading-title elementor-size-default\">2009<\/h2>\t\t<\/div>\n\t\t\t\t<\/div>\n\t\t\t\t<div class=\"elementor-element elementor-element-feac24f elementor-widget-divider--view-line elementor-widget elementor-widget-divider\" data-id=\"feac24f\" data-element_type=\"widget\" data-widget_type=\"divider.default\">\n\t\t\t\t<div class=\"elementor-widget-container\">\n\t\t\t\t\t<div class=\"elementor-divider\">\n\t\t\t<span class=\"elementor-divider-separator\">\n\t\t\t\t\t\t<\/span>\n\t\t<\/div>\n\t\t\t\t<\/div>\n\t\t\t\t<\/div>\n\t\t\t\t<div class=\"elementor-element elementor-element-6103434 elementor-widget elementor-widget-text-editor\" data-id=\"6103434\" data-element_type=\"widget\" data-widget_type=\"text-editor.default\">\n\t\t\t\t<div class=\"elementor-widget-container\">\n\t\t\t\t\t\t\tFirst web application developed\t\t\t\t\t\t<\/div>\n\t\t\t\t<\/div>\n\t\t\t\t<\/div>\n\t\t<div class=\"elementor-element elementor-element-845f7a0 e-con-full e-flex e-con e-child\" data-id=\"845f7a0\" data-element_type=\"container\">\n\t\t\t\t<div class=\"elementor-element elementor-element-48bef1b elementor-widget elementor-widget-heading\" data-id=\"48bef1b\" data-element_type=\"widget\" data-widget_type=\"heading.default\">\n\t\t\t\t<div class=\"elementor-widget-container\">\n\t\t\t<h2 class=\"elementor-heading-title elementor-size-default\">2013<\/h2>\t\t<\/div>\n\t\t\t\t<\/div>\n\t\t\t\t<div class=\"elementor-element elementor-element-ef1cb36 elementor-widget-divider--view-line elementor-widget elementor-widget-divider\" data-id=\"ef1cb36\" data-element_type=\"widget\" data-widget_type=\"divider.default\">\n\t\t\t\t<div class=\"elementor-widget-container\">\n\t\t\t\t\t<div class=\"elementor-divider\">\n\t\t\t<span class=\"elementor-divider-separator\">\n\t\t\t\t\t\t<\/span>\n\t\t<\/div>\n\t\t\t\t<\/div>\n\t\t\t\t<\/div>\n\t\t\t\t<div class=\"elementor-element elementor-element-cb1c414 elementor-widget elementor-widget-text-editor\" data-id=\"cb1c414\" data-element_type=\"widget\" data-widget_type=\"text-editor.default\">\n\t\t\t\t<div class=\"elementor-widget-container\">\n\t\t\t\t\t\t\tFirst mobile application developed\t\t\t\t\t\t<\/div>\n\t\t\t\t<\/div>\n\t\t\t\t<\/div>\n\t\t<div class=\"elementor-element elementor-element-952515e e-con-full e-flex e-con e-child\" data-id=\"952515e\" data-element_type=\"container\">\n\t\t\t\t<div class=\"elementor-element elementor-element-3df4361 elementor-widget elementor-widget-heading\" data-id=\"3df4361\" data-element_type=\"widget\" data-widget_type=\"heading.default\">\n\t\t\t\t<div class=\"elementor-widget-container\">\n\t\t\t<h2 class=\"elementor-heading-title elementor-size-default\">2014<\/h2>\t\t<\/div>\n\t\t\t\t<\/div>\n\t\t\t\t<div class=\"elementor-element elementor-element-6d75c17 elementor-widget-divider--view-line elementor-widget elementor-widget-divider\" data-id=\"6d75c17\" data-element_type=\"widget\" data-widget_type=\"divider.default\">\n\t\t\t\t<div class=\"elementor-widget-container\">\n\t\t\t\t\t<div class=\"elementor-divider\">\n\t\t\t<span class=\"elementor-divider-separator\">\n\t\t\t\t\t\t<\/span>\n\t\t<\/div>\n\t\t\t\t<\/div>\n\t\t\t\t<\/div>\n\t\t\t\t<div class=\"elementor-element elementor-element-6cbe1b2 elementor-widget elementor-widget-text-editor\" data-id=\"6cbe1b2\" data-element_type=\"widget\" data-widget_type=\"text-editor.default\">\n\t\t\t\t<div class=\"elementor-widget-container\">\n\t\t\t\t\t\t\tEstablishing a company in London\t\t\t\t\t\t<\/div>\n\t\t\t\t<\/div>\n\t\t\t\t<\/div>\n\t\t<div class=\"elementor-element elementor-element-5874e53 e-con-full e-flex e-con e-child\" data-id=\"5874e53\" data-element_type=\"container\">\n\t\t\t\t<div class=\"elementor-element elementor-element-a164f09 elementor-widget elementor-widget-heading\" data-id=\"a164f09\" data-element_type=\"widget\" data-widget_type=\"heading.default\">\n\t\t\t\t<div class=\"elementor-widget-container\">\n\t\t\t<h2 class=\"elementor-heading-title elementor-size-default\">2023<\/h2>\t\t<\/div>\n\t\t\t\t<\/div>\n\t\t\t\t<div class=\"elementor-element elementor-element-de0c505 elementor-widget-divider--view-line elementor-widget elementor-widget-divider\" data-id=\"de0c505\" data-element_type=\"widget\" data-widget_type=\"divider.default\">\n\t\t\t\t<div class=\"elementor-widget-container\">\n\t\t\t\t\t<div class=\"elementor-divider\">\n\t\t\t<span class=\"elementor-divider-separator\">\n\t\t\t\t\t\t<\/span>\n\t\t<\/div>\n\t\t\t\t<\/div>\n\t\t\t\t<\/div>\n\t\t\t\t<div class=\"elementor-element elementor-element-0d1e011 elementor-widget elementor-widget-text-editor\" data-id=\"0d1e011\" data-element_type=\"widget\" data-widget_type=\"text-editor.default\">\n\t\t\t\t<div class=\"elementor-widget-container\">\n\t\t\t\t\t\t\tLodz office opening\t\t\t\t\t\t<\/div>\n\t\t\t\t<\/div>\n\t\t\t\t<\/div>\n\t\t<div class=\"elementor-element elementor-element-0a3f699 e-con-full e-flex e-con e-child\" data-id=\"0a3f699\" data-element_type=\"container\">\n\t\t\t\t<div class=\"elementor-element elementor-element-f912d56 elementor-widget elementor-widget-heading\" data-id=\"f912d56\" data-element_type=\"widget\" data-widget_type=\"heading.default\">\n\t\t\t\t<div class=\"elementor-widget-container\">\n\t\t\t<h2 class=\"elementor-heading-title elementor-size-default\">2024<\/h2>\t\t<\/div>\n\t\t\t\t<\/div>\n\t\t\t\t<div class=\"elementor-element elementor-element-03f9d9a elementor-widget-divider--view-line elementor-widget elementor-widget-divider\" data-id=\"03f9d9a\" data-element_type=\"widget\" data-widget_type=\"divider.default\">\n\t\t\t\t<div class=\"elementor-widget-container\">\n\t\t\t\t\t<div class=\"elementor-divider\">\n\t\t\t<span class=\"elementor-divider-separator\">\n\t\t\t\t\t\t<\/span>\n\t\t<\/div>\n\t\t\t\t<\/div>\n\t\t\t\t<\/div>\n\t\t\t\t<div class=\"elementor-element elementor-element-fc927de elementor-widget elementor-widget-text-editor\" data-id=\"fc927de\" data-element_type=\"widget\" data-widget_type=\"text-editor.default\">\n\t\t\t\t<div class=\"elementor-widget-container\">\n\t\t\t\t\t\t\t<p>Investment in proprietary projects.<\/p><p>Joining industry organizations: SoDA, e-Izba, PIAP.<\/p><p>Establishing the Unicorn Club community.<\/p>\t\t\t\t\t\t<\/div>\n\t\t\t\t<\/div>\n\t\t\t\t<\/div>\n\t\t\t\t\t<\/div>\n\t\t\t\t<\/div>\n\t\t<div class=\"elementor-element elementor-element-58806fd elementor-hidden-desktop e-flex e-con-boxed e-con e-parent\" data-id=\"58806fd\" data-element_type=\"container\">\n\t\t\t\t\t<div class=\"e-con-inner\">\n\t\t<div class=\"elementor-element elementor-element-d7d6a89 e-con-full e-flex e-con e-child\" data-id=\"d7d6a89\" data-element_type=\"container\">\n\t\t\t\t<div class=\"elementor-element elementor-element-ecfc8b9 elementor-widget elementor-widget-heading\" data-id=\"ecfc8b9\" data-element_type=\"widget\" data-widget_type=\"heading.default\">\n\t\t\t\t<div class=\"elementor-widget-container\">\n\t\t\t<h2 class=\"elementor-heading-title elementor-size-default\">2024<\/h2>\t\t<\/div>\n\t\t\t\t<\/div>\n\t\t\t\t<div class=\"elementor-element elementor-element-3525416 elementor-widget elementor-widget-text-editor\" data-id=\"3525416\" data-element_type=\"widget\" data-widget_type=\"text-editor.default\">\n\t\t\t\t<div class=\"elementor-widget-container\">\n\t\t\t\t\t\t\t<p>Investment in proprietary projects.<\/p><p>Joining industry organizations: SoDA, e-Izba, PIAP.<\/p><p>Establishing the Unicorn Club community.<\/p>\t\t\t\t\t\t<\/div>\n\t\t\t\t<\/div>\n\t\t\t\t<div class=\"elementor-element elementor-element-f328a2e elementor-widget elementor-widget-heading\" data-id=\"f328a2e\" data-element_type=\"widget\" data-widget_type=\"heading.default\">\n\t\t\t\t<div class=\"elementor-widget-container\">\n\t\t\t<h2 class=\"elementor-heading-title elementor-size-default\">2014<\/h2>\t\t<\/div>\n\t\t\t\t<\/div>\n\t\t\t\t<div class=\"elementor-element elementor-element-404a6b4 elementor-widget elementor-widget-text-editor\" data-id=\"404a6b4\" data-element_type=\"widget\" data-widget_type=\"text-editor.default\">\n\t\t\t\t<div class=\"elementor-widget-container\">\n\t\t\t\t\t\t\tEstablishing a company in London\n\n\t\t\t\t\t\t<\/div>\n\t\t\t\t<\/div>\n\t\t\t\t<div class=\"elementor-element elementor-element-90a702a elementor-widget elementor-widget-heading\" data-id=\"90a702a\" data-element_type=\"widget\" data-widget_type=\"heading.default\">\n\t\t\t\t<div class=\"elementor-widget-container\">\n\t\t\t<h2 class=\"elementor-heading-title elementor-size-default\">2009<\/h2>\t\t<\/div>\n\t\t\t\t<\/div>\n\t\t\t\t<div class=\"elementor-element elementor-element-2ab85ae elementor-widget elementor-widget-text-editor\" data-id=\"2ab85ae\" data-element_type=\"widget\" data-widget_type=\"text-editor.default\">\n\t\t\t\t<div class=\"elementor-widget-container\">\n\t\t\t\t\t\t\t<p>First web application developed<\/p>\t\t\t\t\t\t<\/div>\n\t\t\t\t<\/div>\n\t\t\t\t<\/div>\n\t\t<div class=\"elementor-element elementor-element-d672983 e-con-full linia-historia-mobile e-flex e-con e-child\" data-id=\"d672983\" data-element_type=\"container\" data-settings=\"{&quot;background_background&quot;:&quot;classic&quot;}\">\n\t\t\t\t<\/div>\n\t\t<div class=\"elementor-element elementor-element-c0dc188 e-con-full e-flex e-con e-child\" data-id=\"c0dc188\" data-element_type=\"container\">\n\t\t\t\t<div class=\"elementor-element elementor-element-338b151 elementor-widget elementor-widget-heading\" data-id=\"338b151\" data-element_type=\"widget\" data-widget_type=\"heading.default\">\n\t\t\t\t<div class=\"elementor-widget-container\">\n\t\t\t<h2 class=\"elementor-heading-title elementor-size-default\">2023<\/h2>\t\t<\/div>\n\t\t\t\t<\/div>\n\t\t\t\t<div class=\"elementor-element elementor-element-a2ebc3a elementor-widget elementor-widget-text-editor\" data-id=\"a2ebc3a\" data-element_type=\"widget\" data-widget_type=\"text-editor.default\">\n\t\t\t\t<div class=\"elementor-widget-container\">\n\t\t\t\t\t\t\tLodz office opening\n\n\t\t\t\t\t\t<\/div>\n\t\t\t\t<\/div>\n\t\t\t\t<div class=\"elementor-element elementor-element-eb1c784 elementor-widget elementor-widget-heading\" data-id=\"eb1c784\" data-element_type=\"widget\" data-widget_type=\"heading.default\">\n\t\t\t\t<div class=\"elementor-widget-container\">\n\t\t\t<h2 class=\"elementor-heading-title elementor-size-default\">2013<\/h2>\t\t<\/div>\n\t\t\t\t<\/div>\n\t\t\t\t<div class=\"elementor-element elementor-element-b710794 elementor-widget elementor-widget-text-editor\" data-id=\"b710794\" data-element_type=\"widget\" data-widget_type=\"text-editor.default\">\n\t\t\t\t<div class=\"elementor-widget-container\">\n\t\t\t\t\t\t\tFirst mobile application developed\n\n\t\t\t\t\t\t<\/div>\n\t\t\t\t<\/div>\n\t\t\t\t<div class=\"elementor-element elementor-element-5672d63 elementor-widget elementor-widget-heading\" data-id=\"5672d63\" data-element_type=\"widget\" data-widget_type=\"heading.default\">\n\t\t\t\t<div class=\"elementor-widget-container\">\n\t\t\t<h2 class=\"elementor-heading-title elementor-size-default\">2008<\/h2>\t\t<\/div>\n\t\t\t\t<\/div>\n\t\t\t\t<div class=\"elementor-element elementor-element-68dfbcc elementor-widget elementor-widget-text-editor\" data-id=\"68dfbcc\" data-element_type=\"widget\" data-widget_type=\"text-editor.default\">\n\t\t\t\t<div class=\"elementor-widget-container\">\n\t\t\t\t\t\t\tCompany opening in Warsaw\n\n\t\t\t\t\t\t<\/div>\n\t\t\t\t<\/div>\n\t\t\t\t<\/div>\n\t\t\t\t\t<\/div>\n\t\t\t\t<\/div>\n\t\t\t\t<\/div>","protected":false},"excerpt":{"rendered":"<p>Nasza historia w kilku aktach 2008 Otwarcie sp\u00f3\u0142ki w Warszawie 2009 Pierwsza stworzona aplikacja webowa 2013 Pierwsza stworzona aplikacja mobilna 2014 Za\u0142o\u017cenie sp\u00f3\u0142ki w Londynie 2023 Otwarcie biura w \u0141odzi 2024 Inwestycje w projekty w\u0142asne. Do\u0142\u0105czenie do organizacji bran\u017cowych: SoDA, e-Izba, PIAP. Zawi\u0105zanie spo\u0142eczno\u015bci Unicorn Club. 2024 Inwestycje w\u00a0projekty w\u0142asne. Do\u0142\u0105czenie do\u00a0organizacji bran\u017cowych: SoDA, e-Izba, [&hellip;]<\/p>","protected":false},"author":1,"featured_media":0,"parent":0,"menu_order":0,"comment_status":"closed","ping_status":"closed","template":"","meta":{"_acf_changed":false,"footnotes":""},"class_list":["post-551","page","type-page","status-publish","hentry"],"acf":[],"yoast_head":"<!-- This site is optimized with the Yoast SEO plugin v23.8 - https:\/\/yoast.com\/wordpress\/plugins\/seo\/ -->\n<title>Historia | Internet Stars<\/title>\n<meta name=\"robots\" content=\"noindex, follow, max-snippet:-1, max-image-preview:large, max-video-preview:-1\" \/>\n<meta property=\"og:locale\" content=\"en_US\" \/>\n<meta property=\"og:type\" content=\"article\" \/>\n<meta property=\"og:title\" content=\"Historia | Internet Stars\" \/>\n<meta property=\"og:description\" content=\"Nasza historia w kilku aktach 2008 Otwarcie sp\u00f3\u0142ki w Warszawie 2009 Pierwsza stworzona aplikacja webowa 2013 Pierwsza stworzona aplikacja mobilna 2014 Za\u0142o\u017cenie sp\u00f3\u0142ki w Londynie 2023 Otwarcie biura w \u0141odzi 2024 Inwestycje w projekty w\u0142asne. Do\u0142\u0105czenie do organizacji bran\u017cowych: SoDA, e-Izba, PIAP. Zawi\u0105zanie spo\u0142eczno\u015bci Unicorn Club. 2024 Inwestycje w\u00a0projekty w\u0142asne. Do\u0142\u0105czenie do\u00a0organizacji bran\u017cowych: SoDA, e-Izba, [&hellip;]\" \/>\n<meta property=\"og:url\" content=\"https:\/\/new-is.internetstars.pl\/en\/history\/\" \/>\n<meta property=\"og:site_name\" content=\"Internet Stars\" \/>\n<meta property=\"article:modified_time\" content=\"2025-02-04T23:22:30+00:00\" \/>\n<meta name=\"twitter:card\" content=\"summary_large_image\" \/>\n<meta name=\"twitter:label1\" content=\"Est. reading time\" \/>\n\t<meta name=\"twitter:data1\" content=\"1 minute\" \/>\n<script type=\"application\/ld+json\" class=\"yoast-schema-graph\">{\"@context\":\"https:\/\/schema.org\",\"@graph\":[{\"@type\":\"WebPage\",\"@id\":\"https:\/\/new-is.internetstars.pl\/historia\/\",\"url\":\"https:\/\/new-is.internetstars.pl\/historia\/\",\"name\":\"Historia | Internet Stars\",\"isPartOf\":{\"@id\":\"https:\/\/new-is.internetstars.pl\/#website\"},\"datePublished\":\"2024-10-01T10:30:43+00:00\",\"dateModified\":\"2025-02-04T23:22:30+00:00\",\"breadcrumb\":{\"@id\":\"https:\/\/new-is.internetstars.pl\/historia\/#breadcrumb\"},\"inLanguage\":\"en-US\",\"potentialAction\":[{\"@type\":\"ReadAction\",\"target\":[\"https:\/\/new-is.internetstars.pl\/historia\/\"]}]},{\"@type\":\"BreadcrumbList\",\"@id\":\"https:\/\/new-is.internetstars.pl\/historia\/#breadcrumb\",\"itemListElement\":[{\"@type\":\"ListItem\",\"position\":1,\"name\":\"Strona g\u0142\u00f3wna\",\"item\":\"https:\/\/new-is.internetstars.pl\/\"},{\"@type\":\"ListItem\",\"position\":2,\"name\":\"Historia\"}]},{\"@type\":\"WebSite\",\"@id\":\"https:\/\/new-is.internetstars.pl\/#website\",\"url\":\"https:\/\/new-is.internetstars.pl\/\",\"name\":\"Internet Stars\",\"description\":\"\",\"alternateName\":\"IS\",\"potentialAction\":[{\"@type\":\"SearchAction\",\"target\":{\"@type\":\"EntryPoint\",\"urlTemplate\":\"https:\/\/new-is.internetstars.pl\/?s={search_term_string}\"},\"query-input\":{\"@type\":\"PropertyValueSpecification\",\"valueRequired\":true,\"valueName\":\"search_term_string\"}}],\"inLanguage\":\"en-US\"}]}<\/script>\n<!-- \/ Yoast SEO plugin. -->","yoast_head_json":{"title":"Historia | Internet Stars","robots":{"index":"noindex","follow":"follow","max-snippet":"max-snippet:-1","max-image-preview":"max-image-preview:large","max-video-preview":"max-video-preview:-1"},"og_locale":"en_US","og_type":"article","og_title":"Historia | Internet Stars","og_description":"Nasza historia w kilku aktach 2008 Otwarcie sp\u00f3\u0142ki w Warszawie 2009 Pierwsza stworzona aplikacja webowa 2013 Pierwsza stworzona aplikacja mobilna 2014 Za\u0142o\u017cenie sp\u00f3\u0142ki w Londynie 2023 Otwarcie biura w \u0141odzi 2024 Inwestycje w projekty w\u0142asne. Do\u0142\u0105czenie do organizacji bran\u017cowych: SoDA, e-Izba, PIAP. Zawi\u0105zanie spo\u0142eczno\u015bci Unicorn Club. 2024 Inwestycje w\u00a0projekty w\u0142asne. Do\u0142\u0105czenie do\u00a0organizacji bran\u017cowych: SoDA, e-Izba, [&hellip;]","og_url":"https:\/\/new-is.internetstars.pl\/en\/history\/","og_site_name":"Internet Stars","article_modified_time":"2025-02-04T23:22:30+00:00","twitter_card":"summary_large_image","twitter_misc":{"Est. reading time":"1 minute"},"schema":{"@context":"https:\/\/schema.org","@graph":[{"@type":"WebPage","@id":"https:\/\/new-is.internetstars.pl\/historia\/","url":"https:\/\/new-is.internetstars.pl\/historia\/","name":"Historia | Internet Stars","isPartOf":{"@id":"https:\/\/new-is.internetstars.pl\/#website"},"datePublished":"2024-10-01T10:30:43+00:00","dateModified":"2025-02-04T23:22:30+00:00","breadcrumb":{"@id":"https:\/\/new-is.internetstars.pl\/historia\/#breadcrumb"},"inLanguage":"en-US","potentialAction":[{"@type":"ReadAction","target":["https:\/\/new-is.internetstars.pl\/historia\/"]}]},{"@type":"BreadcrumbList","@id":"https:\/\/new-is.internetstars.pl\/historia\/#breadcrumb","itemListElement":[{"@type":"ListItem","position":1,"name":"Strona g\u0142\u00f3wna","item":"https:\/\/new-is.internetstars.pl\/"},{"@type":"ListItem","position":2,"name":"Historia"}]},{"@type":"WebSite","@id":"https:\/\/new-is.internetstars.pl\/#website","url":"https:\/\/new-is.internetstars.pl\/","name":"Internet Stars","description":"","alternateName":"IS","potentialAction":[{"@type":"SearchAction","target":{"@type":"EntryPoint","urlTemplate":"https:\/\/new-is.internetstars.pl\/?s={search_term_string}"},"query-input":{"@type":"PropertyValueSpecification","valueRequired":true,"valueName":"search_term_string"}}],"inLanguage":"en-US"}]}},"_links":{"self":[{"href":"https:\/\/new-is.internetstars.pl\/en\/wp-json\/wp\/v2\/pages\/551","targetHints":{"allow":["GET"]}}],"collection":[{"href":"https:\/\/new-is.internetstars.pl\/en\/wp-json\/wp\/v2\/pages"}],"about":[{"href":"https:\/\/new-is.internetstars.pl\/en\/wp-json\/wp\/v2\/types\/page"}],"author":[{"embeddable":true,"href":"https:\/\/new-is.internetstars.pl\/en\/wp-json\/wp\/v2\/users\/1"}],"replies":[{"embeddable":true,"href":"https:\/\/new-is.internetstars.pl\/en\/wp-json\/wp\/v2\/comments?post=551"}],"version-history":[{"count":109,"href":"https:\/\/new-is.internetstars.pl\/en\/wp-json\/wp\/v2\/pages\/551\/revisions"}],"predecessor-version":[{"id":3665,"href":"https:\/\/new-is.internetstars.pl\/en\/wp-json\/wp\/v2\/pages\/551\/revisions\/3665"}],"wp:attachment":[{"href":"https:\/\/new-is.internetstars.pl\/en\/wp-json\/wp\/v2\/media?parent=551"}],"curies":[{"name":"wp","href":"https:\/\/api.w.org\/{rel}","templated":true}]}}